{"id":143,"date":"2023-02-08T14:14:24","date_gmt":"2023-02-08T13:14:24","guid":{"rendered":"https:\/\/cibc-douai.fr\/?page_id=143"},"modified":"2023-03-28T09:23:57","modified_gmt":"2023-03-28T07:23:57","slug":"bilan-de-competences","status":"publish","type":"page","link":"https:\/\/cibc-douai.fr\/index.php\/bilan-de-competences\/","title":{"rendered":"BILAN DE COMP\u00c9TENCES"},"content":{"rendered":"\n<h1 class=\"has-custom-couleur-2-color has-text-color wp-block-heading\">Bilan de comp\u00e9tences au CIBC<\/h1>\n\n\n\n<p>Le <strong>Bilan de Comp\u00e9tences <\/strong>est fait pour vous permettre de prendre conscience de vos <strong>potentiels et de vos opportunit\u00e9s<\/strong>. Notre \u00e9poque vous permet de ne plus avoir \u00e0 rester dans un travail dans lequel vous ne vous <strong>\u00e9panouissez plus.<\/strong> Nos \u00e9quipes sont l\u00e0 pour vous accompagner dans vos choix de<strong> r\u00e9orientation<\/strong> et pour vous aider <strong>\u00e0 rebondir<\/strong>.&nbsp;<\/p>\n\n\n\n<hr class=\"wp-block-separator has-alpha-channel-opacity\"\/>\n\n\n\n<div class=\"wp-block-group is-layout-constrained wp-block-group-is-layout-constrained\">\n<div class=\"wp-block-group is-layout-constrained wp-block-group-is-layout-constrained\">\n<h3 class=\"has-custom-couleur-1-color has-text-color wp-block-heading\">Pourquoi faire un bilan de comp\u00e9tences ? <\/h3>\n<\/div>\n<\/div>\n\n\n\n<div class=\"wp-block-columns is-layout-flex wp-container-core-columns-is-layout-28f84493 wp-block-columns-is-layout-flex\">\n<div class=\"wp-block-column is-layout-flow wp-block-column-is-layout-flow\">\n<div class=\"wp-block-columns is-layout-flex wp-container-core-columns-is-layout-28f84493 wp-block-columns-is-layout-flex\">\n<div class=\"wp-block-column is-layout-flow wp-block-column-is-layout-flow\">\n<figure class=\"wp-block-image aligncenter size-full is-resized\"><img loading=\"lazy\" decoding=\"async\" src=\"https:\/\/cibc-douai.fr\/wp-content\/uploads\/2023\/02\/Plan-de-travail-3.png\" alt=\"\" class=\"wp-image-286\" width=\"54\" height=\"65\" srcset=\"https:\/\/cibc-douai.fr\/wp-content\/uploads\/2023\/02\/Plan-de-travail-3.png 515w, https:\/\/cibc-douai.fr\/wp-content\/uploads\/2023\/02\/Plan-de-travail-3-251x300.png 251w\" sizes=\"auto, (max-width: 54px) 100vw, 54px\" \/><\/figure>\n\n\n\n<p class=\"has-text-align-center has-tiny-font-size\">Identifier et valoriser ses comp\u00e9tences, ses int\u00e9r\u00eats et ses motivations.<\/p>\n<\/div>\n\n\n\n<div class=\"wp-block-column is-layout-flow wp-block-column-is-layout-flow\">\n<figure class=\"wp-block-image aligncenter size-full is-resized\"><img loading=\"lazy\" decoding=\"async\" src=\"https:\/\/cibc-douai.fr\/wp-content\/uploads\/2023\/02\/Plan-de-travail-2.png\" alt=\"\" class=\"wp-image-287\" width=\"55\" height=\"65\" srcset=\"https:\/\/cibc-douai.fr\/wp-content\/uploads\/2023\/02\/Plan-de-travail-2.png 516w, https:\/\/cibc-douai.fr\/wp-content\/uploads\/2023\/02\/Plan-de-travail-2-251x300.png 251w\" sizes=\"auto, (max-width: 55px) 100vw, 55px\" \/><\/figure>\n\n\n\n<p class=\"has-text-align-center has-tiny-font-size\">Appr\u00e9cier son potentiel au regard du march\u00e9 du travail.<\/p>\n<\/div>\n\n\n\n<div class=\"wp-block-column is-layout-flow wp-block-column-is-layout-flow\">\n<figure class=\"wp-block-image aligncenter size-full is-resized\"><img loading=\"lazy\" decoding=\"async\" src=\"https:\/\/cibc-douai.fr\/wp-content\/uploads\/2023\/02\/Plan-de-travail-1-1.png\" alt=\"\" class=\"wp-image-288\" width=\"52\" height=\"62\" srcset=\"https:\/\/cibc-douai.fr\/wp-content\/uploads\/2023\/02\/Plan-de-travail-1-1.png 515w, https:\/\/cibc-douai.fr\/wp-content\/uploads\/2023\/02\/Plan-de-travail-1-1-251x300.png 251w\" sizes=\"auto, (max-width: 52px) 100vw, 52px\" \/><\/figure>\n\n\n\n<p class=\"has-text-align-center has-tiny-font-size\" style=\"padding-top:0;padding-right:0;padding-bottom:0;padding-left:0\">Conna\u00eetre ses atouts et axes d&#8217;am\u00e9liorations personnels.<\/p>\n<\/div>\n<\/div>\n<\/div>\n\n\n\n<div class=\"wp-block-column is-layout-flow wp-block-column-is-layout-flow\">\n<div class=\"wp-block-columns is-layout-flex wp-container-core-columns-is-layout-28f84493 wp-block-columns-is-layout-flex\">\n<div class=\"wp-block-column is-layout-flow wp-block-column-is-layout-flow\">\n<figure class=\"wp-block-image aligncenter size-full is-resized\"><img loading=\"lazy\" decoding=\"async\" src=\"https:\/\/cibc-douai.fr\/wp-content\/uploads\/2023\/02\/Plan-de-travail-5.png\" alt=\"\" class=\"wp-image-289\" width=\"52\" height=\"62\" srcset=\"https:\/\/cibc-douai.fr\/wp-content\/uploads\/2023\/02\/Plan-de-travail-5.png 515w, https:\/\/cibc-douai.fr\/wp-content\/uploads\/2023\/02\/Plan-de-travail-5-251x300.png 251w\" sizes=\"auto, (max-width: 52px) 100vw, 52px\" \/><\/figure>\n\n\n\n<p class=\"has-text-align-center has-tiny-font-size\">Clarifier ses crit\u00e8res de choix et am\u00e9liorer sa capacit\u00e9 de prise de d\u00e9cision.<\/p>\n<\/div>\n\n\n\n<div class=\"wp-block-column is-layout-flow wp-block-column-is-layout-flow\">\n<figure class=\"wp-block-image aligncenter size-full is-resized\"><img loading=\"lazy\" decoding=\"async\" src=\"https:\/\/cibc-douai.fr\/wp-content\/uploads\/2023\/02\/Plan-de-travail-4.png\" alt=\"\" class=\"wp-image-290\" width=\"53\" height=\"62\" srcset=\"https:\/\/cibc-douai.fr\/wp-content\/uploads\/2023\/02\/Plan-de-travail-4.png 516w, https:\/\/cibc-douai.fr\/wp-content\/uploads\/2023\/02\/Plan-de-travail-4-251x300.png 251w\" sizes=\"auto, (max-width: 53px) 100vw, 53px\" \/><\/figure>\n\n\n\n<p class=\"has-text-align-center has-tiny-font-size\">Se mobiliser et mettre en action son projet.<\/p>\n<\/div>\n\n\n\n<div class=\"wp-block-column is-layout-flow wp-block-column-is-layout-flow\"><\/div>\n<\/div>\n<\/div>\n<\/div>\n\n\n\n<hr class=\"wp-block-separator has-alpha-channel-opacity\"\/>\n\n\n\n<h3 class=\"has-custom-couleur-2-color has-text-color wp-block-heading\">Des Bilans de Comp\u00e9tences adapt\u00e9s \u00e0 vos besoins<\/h3>\n\n\n\n<h4 class=\"has-custom-couleur-1-color has-text-color wp-block-heading\">BILAN DE COMP\u00c9TENCE IMPULSION&nbsp;<\/h4>\n\n\n\n<p>Le<strong> Bilan de Comp\u00e9tences IMPULSION<\/strong> se d\u00e9roule sur <span style=\"text-decoration: underline;\">10 heures<\/span>. Durant ce laps de temps, vous et votre conseiller <strong>fixerez et travaillerez des objectifs et un th\u00e8me pr\u00e9cis<\/strong>. Cela peut tr\u00e8s bien \u00eatre faire un point sur votre profil professionnel, votre environnement au travail ou encore vos pistes d&#8217;\u00e9volution\u2026 <br>Ce travail termin\u00e9 et vos r\u00e9ponses obtenues, il ne vous reste plus qu&#8217;\u00e0 <strong>impulser votre changement ! <\/strong><\/p>\n\n\n\n<hr class=\"wp-block-separator has-alpha-channel-opacity\"\/>\n\n\n\n<h4 class=\"has-custom-couleur-1-color has-text-color wp-block-heading\">BILAN DE COMP\u00c9TENCE DYNAMIQUE<\/h4>\n\n\n\n<p><strong>Le Bilan de Comp\u00e9tences DYNAMIQUE<\/strong>, d&#8217;une dur\u00e9e de <span style=\"text-decoration: underline;\">20 heures<\/span>, est un accompagnement personnalis\u00e9 pour <strong>explorer<\/strong> vos attentes,<strong> clarifier<\/strong> vos objectifs professionnels et <strong>\u00e9laborer <\/strong>un plan d&#8217;actions pour les atteindre.&nbsp;<\/p>\n\n\n\n<p>Avec votre conseiller, vous choisirez les <strong>outils et modalit\u00e9s qui vous conviennent le mieux<\/strong>. Ensuite, vous <strong>activerez vos atouts<\/strong> pour votre avenir professionnel et b\u00e9n\u00e9ficierez d&#8217;un <strong>soutien dynamique<\/strong> pour \u00e9tudier des <strong>projets motivants<\/strong> et des <strong>solutions r\u00e9alistes<\/strong>. <\/p>\n\n\n\n<p>Vous pourrez acc\u00e9der <strong>\u00e0 tout moment \u00e0 votre espace personnel en ligne<\/strong> pour retrouver tous les <strong>documents et ressources <\/strong>relatifs \u00e0 votre parcours. Enfin, vous repartirez avec une <strong>synth\u00e8se qui r\u00e9sume votre bilan<\/strong> et met en avant une <strong>cible professionnelle<\/strong> identifi\u00e9e ainsi qu&#8217;un plan <strong>d&#8217;actions personnalis\u00e9 <\/strong>pour valider votre projet et <strong>dynamiser un changement.<\/strong><\/p>\n\n\n\n<hr class=\"wp-block-separator has-alpha-channel-opacity\"\/>\n\n\n\n<h5 class=\"has-custom-couleur-1-color has-text-color wp-block-heading\">BILAN DE COMP\u00c9TENCE PANORAMA&nbsp;<\/h5>\n\n\n\n<p>Le <strong>Bilan de Comp\u00e9tences PANORAMA<\/strong>, d&#8217;une dur\u00e9e de <span style=\"text-decoration: underline;\">24 heures<\/span>, vous permet d&#8217;<strong>explorer toutes les options<\/strong> pour cr\u00e9er votre projet professionnel ou de formation. <\/p>\n\n\n\n<p>Avec votre conseiller, vous <strong>analyserez<\/strong> votre situation actuelle, <strong>identifierez <\/strong>vos comp\u00e9tences, connaissances et qualit\u00e9s professionnelles, et <strong>d\u00e9finirez <\/strong>vos motivations, int\u00e9r\u00eats, zones de confort et valeurs professionnelles. <\/p>\n\n\n\n<p>Vous explorerez <strong>diff\u00e9rents environnements professionnels<\/strong> et le <strong>march\u00e9 du travail<\/strong> afin de faire des choix \u00e9clair\u00e9s. Ensuite, vous recenserez les<strong> \u00e9l\u00e9ments favorables <\/strong>et les <strong>points \u00e0 am\u00e9liorer<\/strong> pour votre projet professionnel ou de formation. Vous \u00e9laborerez un <strong>plan d&#8217;action personnalis\u00e9<\/strong> et <strong>une strat\u00e9gie<\/strong> pour mettre en \u0153uvre votre projet. <\/p>\n\n\n\n<p>Ce bilan vous permettra d&#8217;acqu\u00e9rir de <strong>nouvelles comp\u00e9tences<\/strong> pour mieux <strong>argumenter<\/strong> vos choix, <strong>valoriser<\/strong> vos atouts, <strong>acc\u00e9der<\/strong> aux bonnes informations, <strong>mobiliser<\/strong> des r\u00e9seaux professionnels et <strong>\u00e9laborer<\/strong> un plan d&#8217;action efficace. Vous repartirez avec une <strong>synth\u00e8se d\u00e9taill\u00e9e <\/strong>mettant en valeur vos atouts, vos choix, vos solutions professionnelles et votre <strong>plan d&#8217;actions personnalis\u00e9<\/strong>.<\/p>\n\n\n\n<hr class=\"wp-block-separator has-alpha-channel-opacity\"\/>\n\n\n\n<p class=\"has-link-color wp-elements-d5bb6b8e621e9f9be6e72bf81c2f6a44\">Vous souhaitez plus d&#8217;informations ou avez une question, <a href=\"https:\/\/cibc-douai.fr\/index.php\/contact-2\/\" data-type=\"page\" data-id=\"91\">contactez-nous<\/a> !<\/p>\n\n\n\n<hr class=\"wp-block-separator has-alpha-channel-opacity\"\/>\n\n\n\n<div class=\"wp-block-columns is-layout-flex wp-container-core-columns-is-layout-28f84493 wp-block-columns-is-layout-flex\">\n<div class=\"wp-block-column is-layout-flow wp-block-column-is-layout-flow\" style=\"flex-basis:33.33%\">\n<figure class=\"wp-block-image aligncenter size-full is-resized\"><img loading=\"lazy\" decoding=\"async\" src=\"http:\/\/cibc-douai.fr\/wp-content\/uploads\/2023\/02\/Logo-CIBC-Douai.png\" alt=\"\" class=\"wp-image-112\" width=\"166\" height=\"147\" srcset=\"https:\/\/cibc-douai.fr\/wp-content\/uploads\/2023\/02\/Logo-CIBC-Douai.png 655w, https:\/\/cibc-douai.fr\/wp-content\/uploads\/2023\/02\/Logo-CIBC-Douai-300x265.png 300w\" sizes=\"auto, (max-width: 166px) 100vw, 166px\" \/><\/figure>\n<\/div>\n\n\n\n<div class=\"wp-block-column is-layout-flow wp-block-column-is-layout-flow\" style=\"flex-basis:66.66%\"><\/div>\n<\/div>\n","protected":false},"excerpt":{"rendered":"<p>Bilan de comp\u00e9tences au CIBC Le Bilan de Comp\u00e9tences est fait pour vous permettre de [&hellip;]<\/p>\n","protected":false},"author":1,"featured_media":0,"parent":0,"menu_order":0,"comment_status":"closed","ping_status":"closed","template":"","meta":{"footnotes":""},"class_list":["post-143","page","type-page","status-publish","hentry"],"_links":{"self":[{"href":"https:\/\/cibc-douai.fr\/index.php\/wp-json\/wp\/v2\/pages\/143","targetHints":{"allow":["GET"]}}],"collection":[{"href":"https:\/\/cibc-douai.fr\/index.php\/wp-json\/wp\/v2\/pages"}],"about":[{"href":"https:\/\/cibc-douai.fr\/index.php\/wp-json\/wp\/v2\/types\/page"}],"author":[{"embeddable":true,"href":"https:\/\/cibc-douai.fr\/index.php\/wp-json\/wp\/v2\/users\/1"}],"replies":[{"embeddable":true,"href":"https:\/\/cibc-douai.fr\/index.php\/wp-json\/wp\/v2\/comments?post=143"}],"version-history":[{"count":38,"href":"https:\/\/cibc-douai.fr\/index.php\/wp-json\/wp\/v2\/pages\/143\/revisions"}],"predecessor-version":[{"id":512,"href":"https:\/\/cibc-douai.fr\/index.php\/wp-json\/wp\/v2\/pages\/143\/revisions\/512"}],"wp:attachment":[{"href":"https:\/\/cibc-douai.fr\/index.php\/wp-json\/wp\/v2\/media?parent=143"}],"curies":[{"name":"wp","href":"https:\/\/api.w.org\/{rel}","templated":true}]}}