{"id":150,"date":"2023-02-08T15:39:11","date_gmt":"2023-02-08T14:39:11","guid":{"rendered":"https:\/\/cibc-douai.fr\/?page_id=150"},"modified":"2023-03-28T09:25:02","modified_gmt":"2023-03-28T07:25:02","slug":"prestation-dorientation","status":"publish","type":"page","link":"https:\/\/cibc-douai.fr\/index.php\/prestation-dorientation\/","title":{"rendered":"PRESTATION D&#8217;ORIENTATION"},"content":{"rendered":"\n<h2 class=\"has-custom-couleur-2-color has-text-color wp-block-heading\">Prestation d&#8217;orientation<\/h2>\n\n\n\n<p>Le <strong>diagnostic d&#8217;orientation<\/strong> est une aide, propos\u00e9e par le CIBC Douai &#8211; Cambrai, pour <strong>pr\u00e9parer<\/strong> et <strong>construire<\/strong> votre avenir professionnel en clarifiant vos pistes d&#8217;orientation en fonction de vos attentes. <\/p>\n\n\n\n<p>Il permet d&#8217;explorer vos <strong>ressources<\/strong> et <strong>aptitudes<\/strong> pour d\u00e9terminer un projet d&#8217;avenir et envisager <strong>un cursus adapt\u00e9 \u00e0 votre profil<\/strong>. <\/p>\n\n\n\n<p>Cette prestation s&#8217;adresse principalement aux jeunes : <strong>coll\u00e9giens<\/strong>, <strong>lyc\u00e9ens<\/strong>, <strong>jeunes dipl\u00f4m\u00e9s <\/strong>ou ayant <strong>quitt\u00e9 le cursus scolaire<\/strong> et souhaitant d\u00e9finir et \u00e9laborer un projet professionnel.<\/p>\n\n\n\n<h3 class=\"has-custom-couleur-1-color has-text-color wp-block-heading\">PHASE 1 : Analyse de la demande qui a pour objet&nbsp;de&nbsp;:<\/h3>\n\n\n\n<p>Mieux comprendre la<strong>&nbsp;personnalit\u00e9<\/strong>&nbsp;du jeune afin de bien cerner les qualit\u00e9s et<br>les&nbsp;<strong>motivations fondamentales<\/strong>. L\u2019objectif est de prendre connaissance<br>des&nbsp;<strong>premi\u00e8res pistes d\u2019orientation<\/strong>.<\/p>\n\n\n\n<h3 class=\"has-custom-couleur-1-color has-text-color wp-block-heading\">PHASE 2 : Investigation&nbsp;<\/h3>\n\n\n\n<p>L\u2019objectif est de r\u00e9aliser une analyse \u00e0 partir de tests de personnalit\u00e9,<br>questionnaires d\u2019int\u00e9r\u00eats, \u00e0 travers un questionnement pouss\u00e9 afin de commencer \u00e0 r\u00e9fl\u00e9chir activement \u00e0 de&nbsp;<strong>nouvelles pistes<\/strong>. Cela permettra de valider en d\u00e9tail&nbsp;<strong>le potentiel<\/strong>&nbsp;et le profil du jeune, pour le guider d\u2019avantage dans le choix d&#8217;un futur m\u00e9tier.<\/p>\n\n\n\n<h3 class=\"has-custom-couleur-1-color has-text-color wp-block-heading\">PHASE 3 : Projet professionnel<\/h3>\n\n\n\n<p>Le but est d\u2019impulser un<strong> projet <\/strong>en prenant en compte le march\u00e9 de l\u2019emploi pour<br>valider sa pertinence \u00e0 long terme. A travers cette phase, le jeune sera en capacit\u00e9 de<br>recenser les facteurs susceptibles de favoriser ou non la r\u00e9alisation du projet,<br>pr\u00e9voir les principales \u00e9tapes de sa mise en \u0153uvre,&nbsp;d\u00e9finir la formation la plus<br>ad\u00e9quate permettant d\u2019atteindre son objectif professionnel.<\/p>\n\n\n\n<hr class=\"wp-block-separator has-alpha-channel-opacity\"\/>\n\n\n\n<p>Le <strong>diagnostic d\u2019orientation <\/strong>se termine par un<strong> entretien de synth\u00e8se<\/strong>.<\/p>\n\n\n\n<p class=\"has-link-color wp-elements-a6ed01bfd6c0f6f1069c691e04811523\">Pour en savoir plus ou demander un bilan d&#8217;orientation, <a href=\"https:\/\/cibc-douai.fr\/index.php\/contact-2\/\" data-type=\"page\" data-id=\"91\">contactez-nous<\/a>.<\/p>\n\n\n\n<hr class=\"wp-block-separator has-alpha-channel-opacity\"\/>\n\n\n\n<div class=\"wp-block-columns is-layout-flex wp-container-core-columns-is-layout-28f84493 wp-block-columns-is-layout-flex\">\n<div class=\"wp-block-column is-layout-flow wp-block-column-is-layout-flow\" style=\"flex-basis:33.33%\">\n<figure class=\"wp-block-image size-full\"><img loading=\"lazy\" decoding=\"async\" width=\"655\" height=\"579\" src=\"http:\/\/cibc-douai.fr\/wp-content\/uploads\/2023\/02\/Logo-CIBC-Douai.png\" alt=\"\" class=\"wp-image-112\" srcset=\"https:\/\/cibc-douai.fr\/wp-content\/uploads\/2023\/02\/Logo-CIBC-Douai.png 655w, https:\/\/cibc-douai.fr\/wp-content\/uploads\/2023\/02\/Logo-CIBC-Douai-300x265.png 300w\" sizes=\"auto, (max-width: 655px) 100vw, 655px\" \/><\/figure>\n<\/div>\n\n\n\n<div class=\"wp-block-column is-layout-flow wp-block-column-is-layout-flow\" style=\"flex-basis:66.66%\"><\/div>\n<\/div>\n","protected":false},"excerpt":{"rendered":"<p>Prestation d&#8217;orientation Le diagnostic d&#8217;orientation est une aide, propos\u00e9e par le CIBC Douai &#8211; Cambrai, [&hellip;]<\/p>\n","protected":false},"author":1,"featured_media":0,"parent":0,"menu_order":0,"comment_status":"closed","ping_status":"closed","template":"","meta":{"footnotes":""},"class_list":["post-150","page","type-page","status-publish","hentry"],"_links":{"self":[{"href":"https:\/\/cibc-douai.fr\/index.php\/wp-json\/wp\/v2\/pages\/150","targetHints":{"allow":["GET"]}}],"collection":[{"href":"https:\/\/cibc-douai.fr\/index.php\/wp-json\/wp\/v2\/pages"}],"about":[{"href":"https:\/\/cibc-douai.fr\/index.php\/wp-json\/wp\/v2\/types\/page"}],"author":[{"embeddable":true,"href":"https:\/\/cibc-douai.fr\/index.php\/wp-json\/wp\/v2\/users\/1"}],"replies":[{"embeddable":true,"href":"https:\/\/cibc-douai.fr\/index.php\/wp-json\/wp\/v2\/comments?post=150"}],"version-history":[{"count":26,"href":"https:\/\/cibc-douai.fr\/index.php\/wp-json\/wp\/v2\/pages\/150\/revisions"}],"predecessor-version":[{"id":515,"href":"https:\/\/cibc-douai.fr\/index.php\/wp-json\/wp\/v2\/pages\/150\/revisions\/515"}],"wp:attachment":[{"href":"https:\/\/cibc-douai.fr\/index.php\/wp-json\/wp\/v2\/media?parent=150"}],"curies":[{"name":"wp","href":"https:\/\/api.w.org\/{rel}","templated":true}]}}