{"id":31,"date":"2023-02-06T12:04:09","date_gmt":"2023-02-06T11:04:09","guid":{"rendered":"https:\/\/cibc-douai.fr\/?page_id=31"},"modified":"2023-03-23T14:48:15","modified_gmt":"2023-03-23T13:48:15","slug":"home","status":"publish","type":"page","link":"https:\/\/cibc-douai.fr\/","title":{"rendered":"CIBC DOUAI &#8211; CAMBRAI"},"content":{"rendered":"\n<div class=\"wp-block-cover alignfull is-light hestia-clear-top-padding\"><span aria-hidden=\"true\" class=\"wp-block-cover__background has-white-background-color has-background-dim-100 has-background-dim\"><\/span><div class=\"wp-block-cover__inner-container is-layout-flow wp-block-cover-is-layout-flow\">\n<div class=\"wp-block-group is-layout-constrained wp-block-group-is-layout-constrained\">\n<div class=\"wp-block-columns is-layout-flex wp-container-core-columns-is-layout-28f84493 wp-block-columns-is-layout-flex\">\n<div class=\"wp-block-column is-layout-flow wp-block-column-is-layout-flow\">\n<h2 class=\"has-text-color has-link-color wp-block-heading wp-elements-87737ac91eb5d73d07a224d6088e52b1\" style=\"color:#1f385e\"><a href=\"https:\/\/cibc-douai.fr\/index.php\/2023\/02\/08\/a-propos-du-cibc-douai-cambrai\/\" data-type=\"post\" data-id=\"124\">A propos du CIBC Douai &#8211; Cambrai<\/a><\/h2>\n\n\n\n<p class=\"has-text-color\" style=\"color:#999999\">Le Centre Interinstitutionnel de Bilan de Comp\u00e9tences (CIBC) de Douai a \u00e9t\u00e9 cr\u00e9\u00e9 pour r\u00e9pondre aux&nbsp;<strong>probl\u00e9matiques d\u2019orientation professionnelle<\/strong>&nbsp;des adultes et des jeunes sortis du syst\u00e8me scolaire&#8230;<\/p>\n<\/div>\n\n\n\n<div class=\"wp-block-column is-layout-flow wp-block-column-is-layout-flow\">\n<figure class=\"wp-block-image size-large\"><img loading=\"lazy\" decoding=\"async\" width=\"1024\" height=\"895\" src=\"http:\/\/cibc-douai.fr\/wp-content\/uploads\/2023\/02\/cropped-cropped-LOGO-FNCIBC-vertical-slogan-1024x895.png\" alt=\"\" class=\"wp-image-55\" srcset=\"https:\/\/cibc-douai.fr\/wp-content\/uploads\/2023\/02\/cropped-cropped-LOGO-FNCIBC-vertical-slogan-1024x895.png 1024w, https:\/\/cibc-douai.fr\/wp-content\/uploads\/2023\/02\/cropped-cropped-LOGO-FNCIBC-vertical-slogan-300x262.png 300w, https:\/\/cibc-douai.fr\/wp-content\/uploads\/2023\/02\/cropped-cropped-LOGO-FNCIBC-vertical-slogan-768x672.png 768w, https:\/\/cibc-douai.fr\/wp-content\/uploads\/2023\/02\/cropped-cropped-LOGO-FNCIBC-vertical-slogan-1536x1343.png 1536w, https:\/\/cibc-douai.fr\/wp-content\/uploads\/2023\/02\/cropped-cropped-LOGO-FNCIBC-vertical-slogan.png 1761w\" sizes=\"auto, (max-width: 1024px) 100vw, 1024px\" \/><\/figure>\n<\/div>\n<\/div>\n<\/div>\n\n\n\n<div style=\"height:100px\" aria-hidden=\"true\" class=\"wp-block-spacer\"><\/div>\n\n\n\n<h2 class=\"has-text-align-center has-custom-couleur-1-color has-text-color wp-block-heading\">Venez d\u00e9couvrir<\/h2>\n\n\n\n<div style=\"height:40px\" aria-hidden=\"true\" class=\"wp-block-spacer\"><\/div>\n\n\n\n<div class=\"wp-block-columns container is-layout-flex wp-container-core-columns-is-layout-28f84493 wp-block-columns-is-layout-flex\">\n<div class=\"wp-block-column is-layout-flow wp-block-column-is-layout-flow\">\n<figure class=\"wp-block-image aligncenter size-full\"><a href=\"https:\/\/cibc-douai.fr\/index.php\/nos-differentes-solutions\/\"><img loading=\"lazy\" decoding=\"async\" width=\"655\" height=\"579\" src=\"https:\/\/cibc-douai.fr\/wp-content\/uploads\/2023\/02\/Formations-1.png\" alt=\"\" class=\"wp-image-196\" srcset=\"https:\/\/cibc-douai.fr\/wp-content\/uploads\/2023\/02\/Formations-1.png 655w, https:\/\/cibc-douai.fr\/wp-content\/uploads\/2023\/02\/Formations-1-300x265.png 300w\" sizes=\"auto, (max-width: 655px) 100vw, 655px\" \/><\/a><\/figure>\n\n\n\n<h5 class=\"has-text-align-center has-custom-couleur-1-color has-text-color has-link-color wp-block-heading wp-elements-912b40b7420a260d6fb2550815585045\" style=\"font-size:18px\"><a href=\"https:\/\/cibc-douai.fr\/index.php\/nos-differentes-solutions\/\" data-type=\"page\" data-id=\"167\">Offres de Service<\/a><\/h5>\n\n\n\n<p class=\"has-text-align-center has-text-color\" style=\"color:#999999;font-size:14px\">D\u00e9couvre les diff\u00e9rentes offres du CIBC Douai-Cambrai. R\u00e9orientation, conseils professionnels ou validation d&#8217;acquis, nos conseillers seront l\u00e0 pour vous accompagner&#8230;<\/p>\n\n\n\n<div style=\"height:25px\" aria-hidden=\"true\" class=\"wp-block-spacer\"><\/div>\n<\/div>\n\n\n\n<div class=\"wp-block-column is-layout-flow wp-block-column-is-layout-flow\">\n<figure class=\"wp-block-image aligncenter size-full\"><a href=\"https:\/\/cibc-douai.fr\/index.php\/nos-engagements\/\"><img loading=\"lazy\" decoding=\"async\" width=\"655\" height=\"579\" src=\"https:\/\/cibc-douai.fr\/wp-content\/uploads\/2023\/02\/Engagements.png\" alt=\"\" class=\"wp-image-115\" srcset=\"https:\/\/cibc-douai.fr\/wp-content\/uploads\/2023\/02\/Engagements.png 655w, https:\/\/cibc-douai.fr\/wp-content\/uploads\/2023\/02\/Engagements-300x265.png 300w\" sizes=\"auto, (max-width: 655px) 100vw, 655px\" \/><\/a><\/figure>\n\n\n\n<h5 class=\"has-text-align-center has-custom-couleur-1-color has-text-color has-link-color wp-block-heading wp-elements-778c396481f328db01acf45ec91eb227\" style=\"font-size:18px\"><a href=\"https:\/\/cibc-douai.fr\/index.php\/nos-engagements\/\" data-type=\"page\" data-id=\"135\">Engagements<\/a><\/h5>\n\n\n\n<p class=\"has-text-align-center has-text-color\" style=\"color:#999999;font-size:14px\">Les CIBC sont reconnus par l\u2019\u00c9tat comme un r\u00e9seau de r\u00e9f\u00e9rence pour les bilans de comp\u00e9tences et sont donc engag\u00e9s dans une d\u00e9marche qualit\u00e9 visant \u00e0 harmoniser leurs pratiques&#8230;<\/p>\n\n\n\n<div style=\"height:25px\" aria-hidden=\"true\" class=\"wp-block-spacer\"><\/div>\n<\/div>\n\n\n\n<div class=\"wp-block-column is-layout-flow wp-block-column-is-layout-flow\">\n<figure class=\"wp-block-image aligncenter size-full\"><a href=\"https:\/\/cibc-douai.fr\/index.php\/prestataires\/\"><img loading=\"lazy\" decoding=\"async\" width=\"655\" height=\"579\" src=\"https:\/\/cibc-douai.fr\/wp-content\/uploads\/2023\/02\/Partenaires.png\" alt=\"\" class=\"wp-image-116\" srcset=\"https:\/\/cibc-douai.fr\/wp-content\/uploads\/2023\/02\/Partenaires.png 655w, https:\/\/cibc-douai.fr\/wp-content\/uploads\/2023\/02\/Partenaires-300x265.png 300w\" sizes=\"auto, (max-width: 655px) 100vw, 655px\" \/><\/a><\/figure>\n\n\n\n<h5 class=\"has-text-align-center has-custom-couleur-1-color has-text-color has-link-color wp-block-heading wp-elements-6ee6910d0b124b7313a7047b4dee8c06\" style=\"font-size:18px\"><a href=\"https:\/\/cibc-douai.fr\/index.php\/prestataires\/\" data-type=\"page\" data-id=\"67\">Partenaires<\/a><\/h5>\n\n\n\n<p class=\"has-text-align-center has-text-color\" style=\"color:#999999;font-size:14px\">Le CIBC Douai-Cambrai travaille en \u00e9troite collaboration avec les entreprises, institutions et collectivit\u00e9s locales afin de toujours mieux vous accompagner\u2026<\/p>\n\n\n\n<div style=\"height:25px\" aria-hidden=\"true\" class=\"wp-block-spacer\"><\/div>\n<\/div>\n<\/div>\n\n\n\n<div class=\"wp-block-columns is-layout-flex wp-container-core-columns-is-layout-28f84493 wp-block-columns-is-layout-flex\">\n<div class=\"wp-block-column is-layout-flow wp-block-column-is-layout-flow\">\n<figure class=\"wp-block-image size-full\"><img loading=\"lazy\" decoding=\"async\" width=\"655\" height=\"579\" src=\"https:\/\/cibc-douai.fr\/wp-content\/uploads\/2023\/03\/Reussite-VAE.png\" alt=\"\" class=\"wp-image-472\" srcset=\"https:\/\/cibc-douai.fr\/wp-content\/uploads\/2023\/03\/Reussite-VAE.png 655w, https:\/\/cibc-douai.fr\/wp-content\/uploads\/2023\/03\/Reussite-VAE-300x265.png 300w\" sizes=\"auto, (max-width: 655px) 100vw, 655px\" \/><\/figure>\n<\/div>\n\n\n\n<div class=\"wp-block-column is-layout-flow wp-block-column-is-layout-flow\">\n<figure class=\"wp-block-image size-full\"><img loading=\"lazy\" decoding=\"async\" width=\"655\" height=\"579\" src=\"https:\/\/cibc-douai.fr\/wp-content\/uploads\/2023\/03\/Sat-BC.png\" alt=\"\" class=\"wp-image-473\" srcset=\"https:\/\/cibc-douai.fr\/wp-content\/uploads\/2023\/03\/Sat-BC.png 655w, https:\/\/cibc-douai.fr\/wp-content\/uploads\/2023\/03\/Sat-BC-300x265.png 300w\" sizes=\"auto, (max-width: 655px) 100vw, 655px\" \/><\/figure>\n<\/div>\n\n\n\n<div class=\"wp-block-column is-layout-flow wp-block-column-is-layout-flow\">\n<figure class=\"wp-block-image size-large\"><img loading=\"lazy\" decoding=\"async\" width=\"1024\" height=\"905\" src=\"https:\/\/cibc-douai.fr\/wp-content\/uploads\/2023\/03\/Sat-VAE@4x-1024x905.png\" alt=\"\" class=\"wp-image-505\" srcset=\"https:\/\/cibc-douai.fr\/wp-content\/uploads\/2023\/03\/Sat-VAE@4x-1024x905.png 1024w, https:\/\/cibc-douai.fr\/wp-content\/uploads\/2023\/03\/Sat-VAE@4x-300x265.png 300w, https:\/\/cibc-douai.fr\/wp-content\/uploads\/2023\/03\/Sat-VAE@4x-768x679.png 768w, https:\/\/cibc-douai.fr\/wp-content\/uploads\/2023\/03\/Sat-VAE@4x-1536x1358.png 1536w, https:\/\/cibc-douai.fr\/wp-content\/uploads\/2023\/03\/Sat-VAE@4x-2048x1810.png 2048w\" sizes=\"auto, (max-width: 1024px) 100vw, 1024px\" \/><\/figure>\n<\/div>\n<\/div>\n\n\n\n<div style=\"height:100px\" aria-hidden=\"true\" class=\"wp-block-spacer\"><\/div>\n\n\n\n<div class=\"wp-block-columns is-layout-flex wp-container-core-columns-is-layout-28f84493 wp-block-columns-is-layout-flex\">\n<div class=\"wp-block-column is-layout-flow wp-block-column-is-layout-flow\">\n<h2 class=\"has-custom-couleur-1-color has-text-color has-link-color wp-block-heading wp-elements-39d7174f40f530fbd0b14d572d997e89\"><a href=\"https:\/\/www.google.fr\/maps\/place\/CREFO+Douai\/@50.3817025,3.0795448,17z\/data=!3m1!4b1!4m6!3m5!1s0x47c2c9504f512121:0xf5d7dcf00259236d!8m2!3d50.3816991!4d3.0817335!16s%2Fg%2F1tjymwcm\">Site de DOUAI<\/a><\/h2>\n\n\n\n<p class=\"has-text-color\" style=\"color:#999999\"><strong>299 Rue Paul Th\u00e9ry, 59500 Douai<\/strong><\/p>\n\n\n\n<p class=\"has-text-color has-link-color wp-elements-26dd434dd85493faae0aa1f1f2158c75\" style=\"color:#999999\"><span style=\"text-decoration: underline;\">Horaires d&#8217;ouverture :<br><\/span>Du lundi au vendredi de 8h30 \u00e0 17h<br>D&#8217;autres cr\u00e9neaux disponibles sur <a href=\"https:\/\/cibc-douai.fr\/index.php\/contact-2\/\" data-type=\"page\" data-id=\"91\">rendez-vous<\/a>. <br><\/p>\n<\/div>\n\n\n\n<div class=\"wp-block-column is-layout-flow wp-block-column-is-layout-flow\">\n<figure class=\"wp-block-image size-full is-resized\"><a href=\"https:\/\/www.google.fr\/maps\/place\/CREFO+Douai\/@50.3817025,3.0795448,17z\/data=!3m1!4b1!4m6!3m5!1s0x47c2c9504f512121:0xf5d7dcf00259236d!8m2!3d50.3816991!4d3.0817335!16s%2Fg%2F1tjymwcm\" target=\"_blank\" rel=\"noreferrer noopener\"><img loading=\"lazy\" decoding=\"async\" src=\"https:\/\/cibc-douai.fr\/wp-content\/uploads\/2023\/03\/MAP-Douai.png\" alt=\"\" class=\"wp-image-371\" width=\"340\" height=\"269\" srcset=\"https:\/\/cibc-douai.fr\/wp-content\/uploads\/2023\/03\/MAP-Douai.png 692w, https:\/\/cibc-douai.fr\/wp-content\/uploads\/2023\/03\/MAP-Douai-300x237.png 300w\" sizes=\"auto, (max-width: 340px) 100vw, 340px\" \/><\/a><\/figure>\n<\/div>\n<\/div>\n\n\n\n<div class=\"wp-block-columns is-layout-flex wp-container-core-columns-is-layout-28f84493 wp-block-columns-is-layout-flex\">\n<div class=\"wp-block-column is-layout-flow wp-block-column-is-layout-flow\">\n<h2 class=\"has-custom-couleur-1-color has-text-color has-link-color wp-block-heading wp-elements-d70f8b0628bf0deb87ed66587d4a491f\"><a href=\"https:\/\/www.google.fr\/maps\/place\/CREFO+Cambrai\/@50.1762774,3.2173005,17z\/data=!3m1!4b1!4m6!3m5!1s0x47c2bb745dcfdc9f:0x25525d2b1912a9fd!8m2!3d50.176274!4d3.2194892!16s%2Fg%2F1thw19hy\">Site de CAMBRAI<\/a><\/h2>\n\n\n\n<p class=\"has-text-color\" style=\"color:#999999\"><strong><strong>15 Place Marcellin Berthelot, 59400 Cambrai<\/strong><\/strong><\/p>\n\n\n\n<p class=\"has-text-color has-link-color wp-elements-c7fba7e33965b0fc2b74f40a3b51786b\" style=\"color:#999999\"><span style=\"text-decoration: underline;\">Horaires d&#8217;ouverture :<br><\/span>Du lundi au vendredi de 8h30 \u00e0 16h30<br>D&#8217;autres cr\u00e9neaux disponibles sur <a href=\"https:\/\/cibc-douai.fr\/index.php\/contact-2\/\" data-type=\"page\" data-id=\"91\">rendez-vous<\/a>. <br><\/p>\n<\/div>\n\n\n\n<div class=\"wp-block-column is-layout-flow wp-block-column-is-layout-flow\">\n<figure class=\"wp-block-image size-full\"><a href=\"https:\/\/www.google.fr\/maps\/place\/CREFO+Cambrai\/@50.1762774,3.2173005,17z\/data=!3m1!4b1!4m6!3m5!1s0x47c2bb745dcfdc9f:0x25525d2b1912a9fd!8m2!3d50.176274!4d3.2194892!16s%2Fg%2F1thw19hy\" target=\"_blank\" rel=\"noreferrer noopener\"><img loading=\"lazy\" decoding=\"async\" width=\"1005\" height=\"830\" src=\"https:\/\/cibc-douai.fr\/wp-content\/uploads\/2023\/03\/MAP-Cambrai.png\" alt=\"\" class=\"wp-image-381\" srcset=\"https:\/\/cibc-douai.fr\/wp-content\/uploads\/2023\/03\/MAP-Cambrai.png 1005w, https:\/\/cibc-douai.fr\/wp-content\/uploads\/2023\/03\/MAP-Cambrai-300x248.png 300w, https:\/\/cibc-douai.fr\/wp-content\/uploads\/2023\/03\/MAP-Cambrai-768x634.png 768w\" sizes=\"auto, (max-width: 1005px) 100vw, 1005px\" \/><\/a><\/figure>\n<\/div>\n<\/div>\n\n\n\n<div style=\"height:40px\" aria-hidden=\"true\" class=\"wp-block-spacer\"><\/div>\n<\/div><\/div>\n\n\n\n<div class=\"wp-block-columns container is-layout-flex wp-container-core-columns-is-layout-28f84493 wp-block-columns-is-layout-flex\">\n<div class=\"wp-block-column col-md-5 is-layout-flow wp-block-column-is-layout-flow\"><\/div>\n<\/div>\n\n\n\n<div class=\"wp-block-columns is-layout-flex wp-container-core-columns-is-layout-28f84493 wp-block-columns-is-layout-flex\">\n<div class=\"wp-block-column is-layout-flow wp-block-column-is-layout-flow\">\n<p><\/p>\n<\/div>\n<\/div>\n","protected":false},"excerpt":{"rendered":"","protected":false},"author":1,"featured_media":0,"parent":0,"menu_order":0,"comment_status":"closed","ping_status":"closed","template":"","meta":{"footnotes":""},"class_list":["post-31","page","type-page","status-publish","hentry"],"_links":{"self":[{"href":"https:\/\/cibc-douai.fr\/index.php\/wp-json\/wp\/v2\/pages\/31","targetHints":{"allow":["GET"]}}],"collection":[{"href":"https:\/\/cibc-douai.fr\/index.php\/wp-json\/wp\/v2\/pages"}],"about":[{"href":"https:\/\/cibc-douai.fr\/index.php\/wp-json\/wp\/v2\/types\/page"}],"author":[{"embeddable":true,"href":"https:\/\/cibc-douai.fr\/index.php\/wp-json\/wp\/v2\/users\/1"}],"replies":[{"embeddable":true,"href":"https:\/\/cibc-douai.fr\/index.php\/wp-json\/wp\/v2\/comments?post=31"}],"version-history":[{"count":55,"href":"https:\/\/cibc-douai.fr\/index.php\/wp-json\/wp\/v2\/pages\/31\/revisions"}],"predecessor-version":[{"id":506,"href":"https:\/\/cibc-douai.fr\/index.php\/wp-json\/wp\/v2\/pages\/31\/revisions\/506"}],"wp:attachment":[{"href":"https:\/\/cibc-douai.fr\/index.php\/wp-json\/wp\/v2\/media?parent=31"}],"curies":[{"name":"wp","href":"https:\/\/api.w.org\/{rel}","templated":true}]}}