{"id":67,"date":"2023-02-08T15:51:15","date_gmt":"2023-02-08T14:51:15","guid":{"rendered":"https:\/\/cibc-douai.fr\/?page_id=67"},"modified":"2023-03-21T13:58:55","modified_gmt":"2023-03-21T12:58:55","slug":"prestataires","status":"publish","type":"page","link":"https:\/\/cibc-douai.fr\/index.php\/prestataires\/","title":{"rendered":"NOS PARTENAIRES"},"content":{"rendered":"\n<h2 class=\"has-custom-couleur-2-color has-text-color wp-block-heading\">Partenaires du CIBC Douai &#8211; Cambrai<\/h2>\n\n\n\n<p>Le <strong>CIBC Douai &#8211; Cambrai<\/strong> travaille en \u00e9troite collaboration avec les <strong>collectivit\u00e9s<\/strong>, <strong>institutions<\/strong> et <strong>entreprises locales<\/strong>. Afin de toujours mieux vous accompagner nous vous pr\u00e9sentons nos diff\u00e9rents <strong>partenaires \u00e9conomiques.<\/strong><\/p>\n\n\n\n<div class=\"wp-block-columns is-layout-flex wp-container-core-columns-is-layout-28f84493 wp-block-columns-is-layout-flex\">\n<div class=\"wp-block-column is-layout-flow wp-block-column-is-layout-flow\">\n<figure class=\"wp-block-image aligncenter size-large is-resized\"><a href=\"www.crefo.fr\"><img loading=\"lazy\" decoding=\"async\" src=\"https:\/\/cibc-douai.fr\/wp-content\/uploads\/2023\/03\/1-Logo-crefo-1024x596.png\" alt=\"\" class=\"wp-image-396\" width=\"205\" height=\"119\" srcset=\"https:\/\/cibc-douai.fr\/wp-content\/uploads\/2023\/03\/1-Logo-crefo-1024x596.png 1024w, https:\/\/cibc-douai.fr\/wp-content\/uploads\/2023\/03\/1-Logo-crefo-300x175.png 300w, https:\/\/cibc-douai.fr\/wp-content\/uploads\/2023\/03\/1-Logo-crefo-768x447.png 768w, https:\/\/cibc-douai.fr\/wp-content\/uploads\/2023\/03\/1-Logo-crefo-1536x894.png 1536w, https:\/\/cibc-douai.fr\/wp-content\/uploads\/2023\/03\/1-Logo-crefo.png 1596w\" sizes=\"auto, (max-width: 205px) 100vw, 205px\" \/><\/a><figcaption class=\"wp-element-caption\">CREFO<\/figcaption><\/figure>\n<\/div>\n\n\n\n<div class=\"wp-block-column is-layout-flow wp-block-column-is-layout-flow\">\n<figure class=\"wp-block-image aligncenter size-full is-resized\"><a href=\"https:\/\/www.hautsdefrance.fr\/\"><img loading=\"lazy\" decoding=\"async\" src=\"https:\/\/cibc-douai.fr\/wp-content\/uploads\/2023\/03\/Region.png\" alt=\"\" class=\"wp-image-397\" width=\"148\" height=\"148\" srcset=\"https:\/\/cibc-douai.fr\/wp-content\/uploads\/2023\/03\/Region.png 225w, https:\/\/cibc-douai.fr\/wp-content\/uploads\/2023\/03\/Region-150x150.png 150w\" sizes=\"auto, (max-width: 148px) 100vw, 148px\" \/><\/a><figcaption class=\"wp-element-caption\">R\u00e9gion Hauts-de-France<\/figcaption><\/figure>\n<\/div>\n\n\n\n<div class=\"wp-block-column is-layout-flow wp-block-column-is-layout-flow\">\n<figure class=\"wp-block-image aligncenter size-large is-resized\"><a href=\"https:\/\/www.pole-emploi.fr\/accueil\/\"><img loading=\"lazy\" decoding=\"async\" src=\"https:\/\/cibc-douai.fr\/wp-content\/uploads\/2023\/03\/Pole-emploi-1024x819.png\" alt=\"\" class=\"wp-image-398\" width=\"159\" height=\"127\" srcset=\"https:\/\/cibc-douai.fr\/wp-content\/uploads\/2023\/03\/Pole-emploi-1024x819.png 1024w, https:\/\/cibc-douai.fr\/wp-content\/uploads\/2023\/03\/Pole-emploi-300x240.png 300w, https:\/\/cibc-douai.fr\/wp-content\/uploads\/2023\/03\/Pole-emploi-768x614.png 768w, https:\/\/cibc-douai.fr\/wp-content\/uploads\/2023\/03\/Pole-emploi.png 1200w\" sizes=\"auto, (max-width: 159px) 100vw, 159px\" \/><\/a><figcaption class=\"wp-element-caption\">P\u00f4le emploi<\/figcaption><\/figure>\n<\/div>\n<\/div>\n\n\n\n<div class=\"wp-block-columns is-layout-flex wp-container-core-columns-is-layout-28f84493 wp-block-columns-is-layout-flex\">\n<div class=\"wp-block-column is-layout-flow wp-block-column-is-layout-flow\">\n<figure class=\"wp-block-image aligncenter size-large is-resized\"><a href=\"https:\/\/cibc.net\/\"><img loading=\"lazy\" decoding=\"async\" src=\"http:\/\/cibc-douai.fr\/wp-content\/uploads\/2023\/02\/LOGO-FNCIBC-vertical-slogan-1024x895.png\" alt=\"\" class=\"wp-image-12\" width=\"256\" height=\"224\" srcset=\"https:\/\/cibc-douai.fr\/wp-content\/uploads\/2023\/02\/LOGO-FNCIBC-vertical-slogan-1024x895.png 1024w, https:\/\/cibc-douai.fr\/wp-content\/uploads\/2023\/02\/LOGO-FNCIBC-vertical-slogan-300x262.png 300w, https:\/\/cibc-douai.fr\/wp-content\/uploads\/2023\/02\/LOGO-FNCIBC-vertical-slogan-768x672.png 768w, https:\/\/cibc-douai.fr\/wp-content\/uploads\/2023\/02\/LOGO-FNCIBC-vertical-slogan-1536x1343.png 1536w, https:\/\/cibc-douai.fr\/wp-content\/uploads\/2023\/02\/LOGO-FNCIBC-vertical-slogan.png 1761w\" sizes=\"auto, (max-width: 256px) 100vw, 256px\" \/><\/a><figcaption class=\"wp-element-caption\">F\u00e9d\u00e9ration Nationale des CIBC<\/figcaption><\/figure>\n<\/div>\n\n\n\n<div class=\"wp-block-column is-layout-flow wp-block-column-is-layout-flow\">\n<figure class=\"wp-block-image aligncenter size-large is-resized\"><img loading=\"lazy\" decoding=\"async\" src=\"http:\/\/cibc-douai.fr\/wp-content\/uploads\/2023\/02\/LOGO-CIBC-vertical-slogan-1024x895.png\" alt=\"\" class=\"wp-image-9\" width=\"256\" height=\"224\" srcset=\"https:\/\/cibc-douai.fr\/wp-content\/uploads\/2023\/02\/LOGO-CIBC-vertical-slogan-1024x895.png 1024w, https:\/\/cibc-douai.fr\/wp-content\/uploads\/2023\/02\/LOGO-CIBC-vertical-slogan-300x262.png 300w, https:\/\/cibc-douai.fr\/wp-content\/uploads\/2023\/02\/LOGO-CIBC-vertical-slogan-768x672.png 768w, https:\/\/cibc-douai.fr\/wp-content\/uploads\/2023\/02\/LOGO-CIBC-vertical-slogan-1536x1343.png 1536w, https:\/\/cibc-douai.fr\/wp-content\/uploads\/2023\/02\/LOGO-CIBC-vertical-slogan.png 1761w\" sizes=\"auto, (max-width: 256px) 100vw, 256px\" \/><figcaption class=\"wp-element-caption\">F\u00e9d\u00e9ration R\u00e9gionale des CIBC<\/figcaption><\/figure>\n<\/div>\n\n\n\n<div class=\"wp-block-column is-layout-flow wp-block-column-is-layout-flow\">\n<figure class=\"wp-block-image aligncenter size-full is-resized\"><img loading=\"lazy\" decoding=\"async\" src=\"https:\/\/cibc-douai.fr\/wp-content\/uploads\/2023\/03\/ID-Formation.png\" alt=\"\" class=\"wp-image-493\" width=\"224\" height=\"224\" srcset=\"https:\/\/cibc-douai.fr\/wp-content\/uploads\/2023\/03\/ID-Formation.png 225w, https:\/\/cibc-douai.fr\/wp-content\/uploads\/2023\/03\/ID-Formation-150x150.png 150w\" sizes=\"auto, (max-width: 224px) 100vw, 224px\" \/><figcaption class=\"wp-element-caption\">ID Formation<\/figcaption><\/figure>\n<\/div>\n<\/div>\n\n\n\n<div class=\"wp-block-columns is-layout-flex wp-container-core-columns-is-layout-28f84493 wp-block-columns-is-layout-flex\">\n<div class=\"wp-block-column is-layout-flow wp-block-column-is-layout-flow\">\n<figure class=\"wp-block-image aligncenter size-full\"><img loading=\"lazy\" decoding=\"async\" width=\"580\" height=\"338\" src=\"https:\/\/cibc-douai.fr\/wp-content\/uploads\/2023\/03\/Logo-PLIE-douaisis.png\" alt=\"\" class=\"wp-image-480\" srcset=\"https:\/\/cibc-douai.fr\/wp-content\/uploads\/2023\/03\/Logo-PLIE-douaisis.png 580w, https:\/\/cibc-douai.fr\/wp-content\/uploads\/2023\/03\/Logo-PLIE-douaisis-300x175.png 300w\" sizes=\"auto, (max-width: 580px) 100vw, 580px\" \/><figcaption class=\"wp-element-caption\">PLIE du Douaisis<\/figcaption><\/figure>\n<\/div>\n\n\n\n<div class=\"wp-block-column is-layout-flow wp-block-column-is-layout-flow\">\n<figure class=\"wp-block-image aligncenter size-full is-resized\"><img loading=\"lazy\" decoding=\"async\" src=\"https:\/\/cibc-douai.fr\/wp-content\/uploads\/2023\/03\/Plie-cambresis.jpeg\" alt=\"\" class=\"wp-image-481\" width=\"132\" height=\"132\" srcset=\"https:\/\/cibc-douai.fr\/wp-content\/uploads\/2023\/03\/Plie-cambresis.jpeg 1000w, https:\/\/cibc-douai.fr\/wp-content\/uploads\/2023\/03\/Plie-cambresis-300x300.jpeg 300w, https:\/\/cibc-douai.fr\/wp-content\/uploads\/2023\/03\/Plie-cambresis-150x150.jpeg 150w, https:\/\/cibc-douai.fr\/wp-content\/uploads\/2023\/03\/Plie-cambresis-768x768.jpeg 768w\" sizes=\"auto, (max-width: 132px) 100vw, 132px\" \/><figcaption class=\"wp-element-caption\">PLIE de Cambrai<\/figcaption><\/figure>\n<\/div>\n\n\n\n<div class=\"wp-block-column is-layout-flow wp-block-column-is-layout-flow\">\n<figure class=\"wp-block-image aligncenter size-full is-resized\"><img loading=\"lazy\" decoding=\"async\" src=\"https:\/\/cibc-douai.fr\/wp-content\/uploads\/2023\/03\/0bc92a8a-5a83-4cb1-a507-7802e619b250.jpg\" alt=\"\" class=\"wp-image-482\" width=\"173\" height=\"130\"\/><figcaption class=\"wp-element-caption\">Mission locale Douai et Cambrai<\/figcaption><\/figure>\n<\/div>\n<\/div>\n\n\n\n<div class=\"wp-block-columns is-layout-flex wp-container-core-columns-is-layout-28f84493 wp-block-columns-is-layout-flex\">\n<div class=\"wp-block-column is-layout-flow wp-block-column-is-layout-flow\">\n<figure class=\"wp-block-image size-large is-resized\"><img loading=\"lazy\" decoding=\"async\" src=\"https:\/\/cibc-douai.fr\/wp-content\/uploads\/2023\/03\/CAD-Cambrai-1024x666.jpg\" alt=\"\" class=\"wp-image-484\" width=\"217\" height=\"140\" srcset=\"https:\/\/cibc-douai.fr\/wp-content\/uploads\/2023\/03\/CAD-Cambrai-1024x666.jpg 1024w, https:\/\/cibc-douai.fr\/wp-content\/uploads\/2023\/03\/CAD-Cambrai-300x195.jpg 300w, https:\/\/cibc-douai.fr\/wp-content\/uploads\/2023\/03\/CAD-Cambrai-768x499.jpg 768w, https:\/\/cibc-douai.fr\/wp-content\/uploads\/2023\/03\/CAD-Cambrai.jpg 1200w\" sizes=\"auto, (max-width: 217px) 100vw, 217px\" \/><figcaption class=\"wp-element-caption\">CAD de Cambrai<\/figcaption><\/figure>\n<\/div>\n\n\n\n<div class=\"wp-block-column is-layout-flow wp-block-column-is-layout-flow\">\n<figure class=\"wp-block-image size-full is-resized\"><img loading=\"lazy\" decoding=\"async\" src=\"https:\/\/cibc-douai.fr\/wp-content\/uploads\/2023\/03\/CAD-Douai.png\" alt=\"\" class=\"wp-image-485\" width=\"273\" height=\"143\" srcset=\"https:\/\/cibc-douai.fr\/wp-content\/uploads\/2023\/03\/CAD-Douai.png 309w, https:\/\/cibc-douai.fr\/wp-content\/uploads\/2023\/03\/CAD-Douai-300x158.png 300w\" sizes=\"auto, (max-width: 273px) 100vw, 273px\" \/><figcaption class=\"wp-element-caption\">CAD Douai<\/figcaption><\/figure>\n<\/div>\n\n\n\n<div class=\"wp-block-column is-layout-flow wp-block-column-is-layout-flow\">\n<figure class=\"wp-block-image aligncenter size-large is-resized\"><img loading=\"lazy\" decoding=\"async\" src=\"https:\/\/cibc-douai.fr\/wp-content\/uploads\/2023\/03\/Logo_Communaute_de_communes_Coeur_dOstrevent.svg_-1024x975.png\" alt=\"\" class=\"wp-image-487\" width=\"159\" height=\"151\" srcset=\"https:\/\/cibc-douai.fr\/wp-content\/uploads\/2023\/03\/Logo_Communaute_de_communes_Coeur_dOstrevent.svg_-1024x975.png 1024w, https:\/\/cibc-douai.fr\/wp-content\/uploads\/2023\/03\/Logo_Communaute_de_communes_Coeur_dOstrevent.svg_-300x286.png 300w, https:\/\/cibc-douai.fr\/wp-content\/uploads\/2023\/03\/Logo_Communaute_de_communes_Coeur_dOstrevent.svg_-768x732.png 768w, https:\/\/cibc-douai.fr\/wp-content\/uploads\/2023\/03\/Logo_Communaute_de_communes_Coeur_dOstrevent.svg_.png 1200w\" sizes=\"auto, (max-width: 159px) 100vw, 159px\" \/><figcaption class=\"wp-element-caption\">CAD du c\u0153ur d&#8217;Ostrevent<\/figcaption><\/figure>\n<\/div>\n<\/div>\n\n\n\n<div class=\"wp-block-columns is-layout-flex wp-container-core-columns-is-layout-28f84493 wp-block-columns-is-layout-flex\">\n<div class=\"wp-block-column is-layout-flow wp-block-column-is-layout-flow\">\n<figure class=\"wp-block-image aligncenter size-large is-resized\"><img loading=\"lazy\" decoding=\"async\" src=\"https:\/\/cibc-douai.fr\/wp-content\/uploads\/2023\/03\/usage-fond-blanc-1024x450.png\" alt=\"\" class=\"wp-image-490\" width=\"188\" height=\"82\" srcset=\"https:\/\/cibc-douai.fr\/wp-content\/uploads\/2023\/03\/usage-fond-blanc-1024x450.png 1024w, https:\/\/cibc-douai.fr\/wp-content\/uploads\/2023\/03\/usage-fond-blanc-300x132.png 300w, https:\/\/cibc-douai.fr\/wp-content\/uploads\/2023\/03\/usage-fond-blanc-768x338.png 768w, https:\/\/cibc-douai.fr\/wp-content\/uploads\/2023\/03\/usage-fond-blanc.png 1160w\" sizes=\"auto, (max-width: 188px) 100vw, 188px\" \/><figcaption class=\"wp-element-caption\">AGEFIPH<\/figcaption><\/figure>\n<\/div>\n\n\n\n<div class=\"wp-block-column is-layout-flow wp-block-column-is-layout-flow\">\n<figure class=\"wp-block-image aligncenter size-full is-resized\"><img loading=\"lazy\" decoding=\"async\" src=\"https:\/\/cibc-douai.fr\/wp-content\/uploads\/2023\/03\/telechargement.png\" alt=\"\" class=\"wp-image-492\" width=\"226\" height=\"83\" srcset=\"https:\/\/cibc-douai.fr\/wp-content\/uploads\/2023\/03\/telechargement.png 370w, https:\/\/cibc-douai.fr\/wp-content\/uploads\/2023\/03\/telechargement-300x110.png 300w\" sizes=\"auto, (max-width: 226px) 100vw, 226px\" \/><figcaption class=\"wp-element-caption\">Groupement Evolution<\/figcaption><\/figure>\n<\/div>\n\n\n\n<div class=\"wp-block-column is-layout-flow wp-block-column-is-layout-flow\">\n<div class=\"wp-block-group is-layout-constrained wp-block-group-is-layout-constrained\">\n<figure class=\"wp-block-image size-full is-resized\"><img loading=\"lazy\" decoding=\"async\" src=\"https:\/\/cibc-douai.fr\/wp-content\/uploads\/2023\/03\/Logo_Nord.png\" alt=\"\" class=\"wp-image-478\" width=\"226\" height=\"90\" srcset=\"https:\/\/cibc-douai.fr\/wp-content\/uploads\/2023\/03\/Logo_Nord.png 800w, https:\/\/cibc-douai.fr\/wp-content\/uploads\/2023\/03\/Logo_Nord-300x120.png 300w, https:\/\/cibc-douai.fr\/wp-content\/uploads\/2023\/03\/Logo_Nord-768x306.png 768w\" sizes=\"auto, (max-width: 226px) 100vw, 226px\" \/><figcaption class=\"wp-element-caption\">D\u00e9partement du Nord<\/figcaption><\/figure>\n<\/div>\n<\/div>\n<\/div>\n\n\n\n<div class=\"wp-block-columns is-layout-flex wp-container-core-columns-is-layout-28f84493 wp-block-columns-is-layout-flex\">\n<div class=\"wp-block-column is-layout-flow wp-block-column-is-layout-flow\">\n<figure class=\"wp-block-image size-large is-resized\"><img loading=\"lazy\" decoding=\"async\" src=\"https:\/\/cibc-douai.fr\/wp-content\/uploads\/2023\/03\/tingari-1024x256.jpg\" alt=\"\" class=\"wp-image-496\" width=\"237\" height=\"59\" srcset=\"https:\/\/cibc-douai.fr\/wp-content\/uploads\/2023\/03\/tingari-1024x256.jpg 1024w, https:\/\/cibc-douai.fr\/wp-content\/uploads\/2023\/03\/tingari-300x75.jpg 300w, https:\/\/cibc-douai.fr\/wp-content\/uploads\/2023\/03\/tingari-768x192.jpg 768w, https:\/\/cibc-douai.fr\/wp-content\/uploads\/2023\/03\/tingari-1536x383.jpg 1536w, https:\/\/cibc-douai.fr\/wp-content\/uploads\/2023\/03\/tingari-2048x511.jpg 2048w\" sizes=\"auto, (max-width: 237px) 100vw, 237px\" \/><figcaption class=\"wp-element-caption\">Tingari<\/figcaption><\/figure>\n<\/div>\n\n\n\n<div class=\"wp-block-column is-layout-flow wp-block-column-is-layout-flow\">\n<figure class=\"wp-block-image aligncenter size-large is-resized\"><img decoding=\"async\" src=\"https:\/\/cibc-douai.fr\/wp-content\/uploads\/2023\/03\/anfh-edited-1.png\" alt=\"\" class=\"wp-image-499\" width=\"163\" srcset=\"https:\/\/cibc-douai.fr\/wp-content\/uploads\/2023\/03\/anfh-edited-1.png 640w, https:\/\/cibc-douai.fr\/wp-content\/uploads\/2023\/03\/anfh-edited-1-300x169.png 300w\" sizes=\"(max-width: 640px) 100vw, 640px\" \/><figcaption class=\"wp-element-caption\">ANFH<\/figcaption><\/figure>\n<\/div>\n\n\n\n<div class=\"wp-block-column is-layout-flow wp-block-column-is-layout-flow\">\n<figure class=\"wp-block-image aligncenter size-large is-resized\"><img loading=\"lazy\" decoding=\"async\" src=\"https:\/\/cibc-douai.fr\/wp-content\/uploads\/2023\/03\/AKTO-LOGO-1024x576.png\" alt=\"\" class=\"wp-image-500\" width=\"158\" height=\"88\" srcset=\"https:\/\/cibc-douai.fr\/wp-content\/uploads\/2023\/03\/AKTO-LOGO-1024x576.png 1024w, https:\/\/cibc-douai.fr\/wp-content\/uploads\/2023\/03\/AKTO-LOGO-300x169.png 300w, https:\/\/cibc-douai.fr\/wp-content\/uploads\/2023\/03\/AKTO-LOGO-768x432.png 768w, https:\/\/cibc-douai.fr\/wp-content\/uploads\/2023\/03\/AKTO-LOGO-1536x864.png 1536w, https:\/\/cibc-douai.fr\/wp-content\/uploads\/2023\/03\/AKTO-LOGO.png 1920w\" sizes=\"auto, (max-width: 158px) 100vw, 158px\" \/><figcaption class=\"wp-element-caption\">AKTO<\/figcaption><\/figure>\n<\/div>\n<\/div>\n\n\n\n<div class=\"wp-block-columns is-layout-flex wp-container-core-columns-is-layout-28f84493 wp-block-columns-is-layout-flex\">\n<div class=\"wp-block-column is-layout-flow wp-block-column-is-layout-flow\">\n<figure class=\"wp-block-image size-full\"><img loading=\"lazy\" decoding=\"async\" width=\"842\" height=\"595\" src=\"https:\/\/cibc-douai.fr\/wp-content\/uploads\/2023\/03\/logo_opco_ep.png\" alt=\"\" class=\"wp-image-501\" srcset=\"https:\/\/cibc-douai.fr\/wp-content\/uploads\/2023\/03\/logo_opco_ep.png 842w, https:\/\/cibc-douai.fr\/wp-content\/uploads\/2023\/03\/logo_opco_ep-300x212.png 300w, https:\/\/cibc-douai.fr\/wp-content\/uploads\/2023\/03\/logo_opco_ep-768x543.png 768w\" sizes=\"auto, (max-width: 842px) 100vw, 842px\" \/><figcaption class=\"wp-element-caption\">OPCO EP<\/figcaption><\/figure>\n<\/div>\n\n\n\n<div class=\"wp-block-column is-layout-flow wp-block-column-is-layout-flow\">\n<figure class=\"wp-block-image aligncenter size-full is-resized\"><img loading=\"lazy\" decoding=\"async\" src=\"https:\/\/cibc-douai.fr\/wp-content\/uploads\/2023\/03\/Groupe-Instep-Formation-evide-blanc-Copie.png\" alt=\"\" class=\"wp-image-502\" width=\"160\" height=\"159\" srcset=\"https:\/\/cibc-douai.fr\/wp-content\/uploads\/2023\/03\/Groupe-Instep-Formation-evide-blanc-Copie.png 590w, https:\/\/cibc-douai.fr\/wp-content\/uploads\/2023\/03\/Groupe-Instep-Formation-evide-blanc-Copie-300x297.png 300w, https:\/\/cibc-douai.fr\/wp-content\/uploads\/2023\/03\/Groupe-Instep-Formation-evide-blanc-Copie-150x150.png 150w\" sizes=\"auto, (max-width: 160px) 100vw, 160px\" \/><figcaption class=\"wp-element-caption\">Instep Formation<\/figcaption><\/figure>\n<\/div>\n\n\n\n<div class=\"wp-block-column is-layout-flow wp-block-column-is-layout-flow\"><\/div>\n<\/div>\n","protected":false},"excerpt":{"rendered":"<p>Partenaires du CIBC Douai &#8211; Cambrai Le CIBC Douai &#8211; Cambrai travaille en \u00e9troite collaboration [&hellip;]<\/p>\n","protected":false},"author":1,"featured_media":0,"parent":0,"menu_order":0,"comment_status":"closed","ping_status":"closed","template":"","meta":{"footnotes":""},"class_list":["post-67","page","type-page","status-publish","hentry"],"_links":{"self":[{"href":"https:\/\/cibc-douai.fr\/index.php\/wp-json\/wp\/v2\/pages\/67","targetHints":{"allow":["GET"]}}],"collection":[{"href":"https:\/\/cibc-douai.fr\/index.php\/wp-json\/wp\/v2\/pages"}],"about":[{"href":"https:\/\/cibc-douai.fr\/index.php\/wp-json\/wp\/v2\/types\/page"}],"author":[{"embeddable":true,"href":"https:\/\/cibc-douai.fr\/index.php\/wp-json\/wp\/v2\/users\/1"}],"replies":[{"embeddable":true,"href":"https:\/\/cibc-douai.fr\/index.php\/wp-json\/wp\/v2\/comments?post=67"}],"version-history":[{"count":14,"href":"https:\/\/cibc-douai.fr\/index.php\/wp-json\/wp\/v2\/pages\/67\/revisions"}],"predecessor-version":[{"id":503,"href":"https:\/\/cibc-douai.fr\/index.php\/wp-json\/wp\/v2\/pages\/67\/revisions\/503"}],"wp:attachment":[{"href":"https:\/\/cibc-douai.fr\/index.php\/wp-json\/wp\/v2\/media?parent=67"}],"curies":[{"name":"wp","href":"https:\/\/api.w.org\/{rel}","templated":true}]}}